{"id":367,"date":"2023-12-27T14:17:16","date_gmt":"2023-12-27T13:17:16","guid":{"rendered":"http:\/\/vps2445848.servdiscount-customer.com\/wordpress1\/?page_id=367"},"modified":"2024-02-23T15:24:12","modified_gmt":"2024-02-23T14:24:12","slug":"physiognomik","status":"publish","type":"page","link":"https:\/\/bewusstsein-beratung.de\/index.php\/physiognomik\/","title":{"rendered":"Physiognomik"},"content":{"rendered":"<div data-colibri-id=\"367-c1\" class=\"style-476 style-local-367-c1 position-relative\">\n  <!---->\n  <div data-colibri-component=\"section\" data-colibri-id=\"367-c2\" id=\"content\" class=\"h-section h-section-global-spacing d-flex align-items-lg-center align-items-md-center align-items-center style-477 style-local-367-c2 h-overflow-hidden position-relative\">\n    <!---->\n    <!---->\n    <div class=\"h-section-grid-container h-section-fluid-container\">\n      <!---->\n      <div data-colibri-id=\"367-c3\" class=\"h-row-container gutters-row-lg-0 gutters-row-md-0 gutters-row-2 gutters-row-v-lg-0 gutters-row-v-md-0 gutters-row-v-2 style-478 style-local-367-c3 position-relative\">\n        <!---->\n        <div class=\"h-row justify-content-lg-center justify-content-md-center justify-content-center align-items-lg-stretch align-items-md-stretch align-items-stretch gutters-col-lg-0 gutters-col-md-0 gutters-col-2 gutters-col-v-lg-0 gutters-col-v-md-0 gutters-col-v-2\">\n          <!---->\n          <div class=\"h-column h-column-container d-flex h-col-lg-auto h-col-md-auto h-col-auto style-479-outer style-local-367-c4-outer\">\n            <div data-colibri-id=\"367-c4\" class=\"d-flex h-flex-basis h-column__inner h-ui-empty-state-container h-px-lg-0 h-px-md-0 h-px-0 v-inner-lg-0 v-inner-md-0 v-inner-0 style-479 style-local-367-c4 position-relative\">\n              <!---->\n              <!---->\n              <div class=\"w-100 h-y-container h-column__content h-column__v-align flex-basis-100\">\n                <!---->\n              <\/div>\n            <\/div>\n          <\/div>\n          <div class=\"h-column h-column-container d-flex h-col-lg-auto h-col-md-auto h-col-auto style-480-outer style-local-367-c5-outer\">\n            <div data-colibri-id=\"367-c5\" class=\"d-flex h-flex-basis h-column__inner h-px-lg-0 h-px-md-0 h-px-0 v-inner-lg-0 v-inner-md-0 v-inner-0 style-480 style-local-367-c5 position-relative\">\n              <!---->\n              <!---->\n              <div class=\"w-100 h-y-container h-column__content h-column__v-align flex-basis-100 align-self-lg-start align-self-md-start align-self-start\">\n                <!---->\n                <div data-colibri-id=\"367-c6\" class=\"h-text h-text-component style-483 style-local-367-c6 position-relative h-element\">\n                  <!---->\n                  <!---->\n                  <div class=\"\">\n                    <p>Die spannende Welt der Physiognomik\n                      <br> Wir finden unsere Eigenschaften in der Form und Gr\u00f6\u00dfe unseres Gesichtes sowie in der gesamten Ausformung unseres Kopfes.\n                      <br> Bei n\u00e4herer Betrachtung finden wir unsere Anlagen und Talente, sie sind uns f\u00f6rmlich ins Gesicht geschrieben.\n                      <br> Somit k\u00f6nnen wir erkennen, ob der gerade gegangene Weg zu uns passt oder ob wir doch eine kleine Richtungs\u00e4nderung vornehmen sollten.\n                      <br> Ebenso erkennen wir bei unserem Mitmenschen, mit welchen Anlagen er ausgestattet ist. Das Hinschauen erm\u00f6glicht uns ein besseres Verst\u00e4ndnis f\u00fcr unsere Mitmenschen, denn jeder ist einzigartig.<\/p>\n                    <p><strong>Unser ganzes Wesen steht uns f\u00f6rmlich im Gesicht geschrieben. Wir unterscheiden dort im wesentlichen zwischen drei Naturellen, Empfindungsnaturell \u2013 Ern\u00e4hrungsnaturell &#8211;&nbsp;<\/strong><strong style=\"color: rgb(70, 112, 127); font-family: Open Sans; font-size: 16px;\">Bewegungsnaturell<\/strong>&nbsp;<\/p>\n                  <\/div>\n                <\/div>\n              <\/div>\n            <\/div>\n          <\/div>\n        <\/div>\n      <\/div>\n    <\/div>\n  <\/div>\n  <div data-colibri-component=\"section\" data-colibri-id=\"367-c7\" id=\"custom-3\" class=\"h-section h-section-global-spacing d-flex align-items-lg-center align-items-md-center align-items-center style-587 style-local-367-c7 position-relative\">\n    <!---->\n    <!---->\n    <div class=\"h-section-grid-container h-section-boxed-container\">\n      <!---->\n      <div data-colibri-id=\"367-c8\" class=\"h-row-container gutters-row-lg-2 gutters-row-md-2 gutters-row-0 gutters-row-v-lg-2 gutters-row-v-md-2 gutters-row-v-2 style-588 style-local-367-c8 position-relative\">\n        <!---->\n        <div class=\"h-row justify-content-lg-center justify-content-md-center justify-content-center align-items-lg-stretch align-items-md-stretch align-items-stretch gutters-col-lg-2 gutters-col-md-2 gutters-col-0 gutters-col-v-lg-2 gutters-col-v-md-2 gutters-col-v-2\">\n          <!---->\n          <div class=\"h-column h-column-container d-flex h-col-lg-auto h-col-md-auto h-col-auto style-589-outer style-local-367-c9-outer\">\n            <div data-colibri-id=\"367-c9\" class=\"d-flex h-flex-basis h-column__inner h-px-lg-2 h-px-md-2 h-px-2 v-inner-lg-2 v-inner-md-2 v-inner-2 style-589 style-local-367-c9 position-relative\">\n              <!---->\n              <!---->\n              <div class=\"w-100 h-y-container h-column__content h-column__v-align flex-basis-100 align-self-lg-start align-self-md-start align-self-start\">\n                <!---->\n                <div data-colibri-id=\"367-c10\" class=\"d-block style-590 style-local-367-c10 position-relative h-element\">\n                  <!---->\n                  <div class=\"h-image__frame-container-outer\">\n                    <div class=\"h-image__frame-container\">\n                      <!---->\n                      <!---->\n                      <img loading=\"lazy\" decoding=\"async\" width=\"1024\" height=\"442\" src=\"https:\/\/bewusstsein-beratung.de\/wp-content\/uploads\/2024\/01\/Augen.png\" class=\"wp-image-1055 style-590-image style-local-367-c10-image\" alt=\"\" srcset=\"https:\/\/bewusstsein-beratung.de\/wp-content\/uploads\/2024\/01\/Augen.png 1024w, https:\/\/bewusstsein-beratung.de\/wp-content\/uploads\/2024\/01\/Augen-300x129.png 300w, https:\/\/bewusstsein-beratung.de\/wp-content\/uploads\/2024\/01\/Augen-768x332.png 768w\" sizes=\"auto, (max-width: 1024px) 100vw, 1024px\" \/>\n                      <div class=\"h-image__frame h-hide-lg h-hide-md h-hide-sm style-590-frameImage style-local-367-c10-frameImage\"><\/div>\n                    <\/div>\n                  <\/div>\n                <\/div>\n              <\/div>\n            <\/div>\n          <\/div>\n        <\/div>\n      <\/div>\n      <div data-colibri-id=\"367-c11\" class=\"h-row-container gutters-row-lg-2 gutters-row-md-2 gutters-row-0 gutters-row-v-lg-2 gutters-row-v-md-2 gutters-row-v-2 style-591 style-local-367-c11 position-relative\">\n        <!---->\n        <div class=\"h-row justify-content-lg-center justify-content-md-center justify-content-center align-items-lg-stretch align-items-md-stretch align-items-stretch gutters-col-lg-2 gutters-col-md-2 gutters-col-0 gutters-col-v-lg-2 gutters-col-v-md-2 gutters-col-v-2\">\n          <!---->\n          <div class=\"h-column h-column-container d-flex h-col-lg-auto h-col-md-auto h-col-auto style-592-outer style-local-367-c12-outer\">\n            <div data-colibri-id=\"367-c12\" class=\"d-flex h-flex-basis h-column__inner h-px-lg-2 h-px-md-2 h-px-2 v-inner-lg-2 v-inner-md-2 v-inner-2 style-592 style-local-367-c12 position-relative\">\n              <!---->\n              <!---->\n              <div class=\"w-100 h-y-container h-column__content h-column__v-align flex-basis-100 align-self-lg-start align-self-md-start align-self-start\">\n                <!---->\n                <div data-colibri-id=\"367-c13\" class=\"d-block style-593 style-local-367-c13 position-relative h-element\">\n                  <!---->\n                  <div class=\"h-image__frame-container-outer\">\n                    <div class=\"h-image__frame-container\">\n                      <!---->\n                      <!---->\n                      <img loading=\"lazy\" decoding=\"async\" width=\"1637\" height=\"1588\" src=\"https:\/\/bewusstsein-beratung.de\/wp-content\/uploads\/2024\/01\/2_bearbeitet.jpg\" class=\"wp-image-1057 style-593-image style-local-367-c13-image\" alt=\"\" srcset=\"https:\/\/bewusstsein-beratung.de\/wp-content\/uploads\/2024\/01\/2_bearbeitet.jpg 1637w, https:\/\/bewusstsein-beratung.de\/wp-content\/uploads\/2024\/01\/2_bearbeitet-300x291.jpg 300w, https:\/\/bewusstsein-beratung.de\/wp-content\/uploads\/2024\/01\/2_bearbeitet-1024x993.jpg 1024w, https:\/\/bewusstsein-beratung.de\/wp-content\/uploads\/2024\/01\/2_bearbeitet-768x745.jpg 768w, https:\/\/bewusstsein-beratung.de\/wp-content\/uploads\/2024\/01\/2_bearbeitet-1536x1490.jpg 1536w\" sizes=\"auto, (max-width: 1637px) 100vw, 1637px\" \/>\n                      <div class=\"h-image__frame h-hide-lg h-hide-md h-hide-sm style-593-frameImage style-local-367-c13-frameImage\"><\/div>\n                    <\/div>\n                  <\/div>\n                <\/div>\n              <\/div>\n            <\/div>\n          <\/div>\n        <\/div>\n      <\/div>\n    <\/div>\n  <\/div>\n  <div data-colibri-component=\"section\" data-colibri-id=\"367-c14\" id=\"custom\" class=\"h-section h-section-global-spacing d-flex align-items-lg-center align-items-md-center align-items-center style-497 style-local-367-c14 position-relative\">\n    <!---->\n    <!---->\n    <div class=\"h-section-grid-container h-section-boxed-container\">\n      <!---->\n      <div data-colibri-id=\"367-c15\" class=\"h-row-container gutters-row-lg-2 gutters-row-md-2 gutters-row-0 gutters-row-v-lg-2 gutters-row-v-md-2 gutters-row-v-2 style-498 style-local-367-c15 position-relative\">\n        <!---->\n        <div class=\"h-row justify-content-lg-center justify-content-md-center justify-content-center align-items-lg-stretch align-items-md-stretch align-items-stretch gutters-col-lg-2 gutters-col-md-2 gutters-col-0 gutters-col-v-lg-2 gutters-col-v-md-2 gutters-col-v-2\">\n          <!---->\n          <div class=\"h-column h-column-container d-flex h-col-lg-auto h-col-md-auto h-col-auto style-499-outer style-local-367-c16-outer\">\n            <div data-colibri-id=\"367-c16\" class=\"d-flex h-flex-basis h-column__inner h-px-lg-2 h-px-md-2 h-px-2 v-inner-lg-2 v-inner-md-2 v-inner-2 style-499 style-local-367-c16 position-relative\">\n              <!---->\n              <!---->\n              <div class=\"w-100 h-y-container h-column__content h-column__v-align flex-basis-100 align-self-lg-start align-self-md-start align-self-start\">\n                <!---->\n                <div data-colibri-id=\"367-c17\" class=\"h-global-transition-all h-heading style-500 style-local-367-c17 position-relative h-element\">\n                  <!---->\n                  <div class=\"h-heading__outer style-500 style-local-367-c17\">\n                    <!---->\n                    <!---->\n                    <h1 class=\"\"><span style=\"font-size: 75%;\">Warum Einblicke in die Physiognomik gewinnen?<\/span><\/h1>\n                  <\/div>\n                <\/div>\n              <\/div>\n            <\/div>\n          <\/div>\n        <\/div>\n      <\/div>\n      <div data-colibri-id=\"367-c18\" class=\"h-row-container gutters-row-lg-2 gutters-row-md-2 gutters-row-0 gutters-row-v-lg-2 gutters-row-v-md-2 gutters-row-v-2 style-501 style-local-367-c18 position-relative\">\n        <!---->\n        <div class=\"h-row justify-content-lg-center justify-content-md-center justify-content-center align-items-lg-stretch align-items-md-stretch align-items-stretch gutters-col-lg-2 gutters-col-md-2 gutters-col-0 gutters-col-v-lg-2 gutters-col-v-md-2 gutters-col-v-2\">\n          <!---->\n          <div class=\"h-column h-column-container d-flex h-col-lg-auto h-col-md-auto h-col-auto style-502-outer style-local-367-c19-outer\">\n            <div data-colibri-id=\"367-c19\" class=\"d-flex h-flex-basis h-column__inner h-px-lg-2 h-px-md-2 h-px-2 v-inner-lg-2 v-inner-md-2 v-inner-2 style-502 style-local-367-c19 position-relative\">\n              <!---->\n              <!---->\n              <div class=\"w-100 h-y-container h-column__content h-column__v-align flex-basis-100 align-self-lg-start align-self-md-start align-self-start\">\n                <!---->\n                <div data-colibri-id=\"367-c20\" class=\"h-text h-text-component style-503 style-local-367-c20 position-relative h-element\">\n                  <!---->\n                  <!---->\n                  <div class=\"\">\n                    <p><strong>Ich lerne mich selbst besser kennen, sehe wo meine Talente und F\u00e4higkeiten liegen und welche davon besonders ausgepr\u00e4gt sind. Das gleiche kannst Du auch bei Deinen Mitmenschen erkennen<\/strong><\/p>\n                    <p><strong>Du kannst erlernen, Dein Gegen\u00fcber besser zu verstehen ganz ohne Wertung zum besseren Miteinander<\/strong><\/p>\n                    <p><strong>Dies erlernte Wissen wird Dir Hilfestellung im privaten und auch im beruflichen Bereich bieten<\/strong><\/p>\n                    <p>&nbsp;<\/p>\n                    <p>&nbsp;<\/p>\n                    <p><strong>Interesse an Erlernen in Gruppen?<\/strong><\/p>\n                    <p><strong>Interesse an Berufsberatung?<\/strong><\/p>\n                    <p><strong>Interesse an Einzelanalyse?<\/strong><\/p>\n                    <p>\n                      <br>\n                    <\/p>\n                  <\/div>\n                <\/div>\n              <\/div>\n            <\/div>\n          <\/div>\n        <\/div>\n      <\/div>\n    <\/div>\n  <\/div>\n  <div data-colibri-component=\"section\" data-colibri-id=\"367-c21\" id=\"custom-2\" class=\"h-section h-section-global-spacing d-flex align-items-lg-center align-items-md-center align-items-center style-548 style-local-367-c21 position-relative\">\n    <!---->\n    <!---->\n    <div class=\"h-section-grid-container h-section-boxed-container\">\n      <!---->\n      <div data-colibri-id=\"367-c22\" class=\"h-row-container gutters-row-lg-2 gutters-row-md-2 gutters-row-0 gutters-row-v-lg-2 gutters-row-v-md-2 gutters-row-v-2 style-549 style-local-367-c22 position-relative\">\n        <!---->\n        <div class=\"h-row justify-content-lg-center justify-content-md-center justify-content-center align-items-lg-stretch align-items-md-stretch align-items-stretch gutters-col-lg-2 gutters-col-md-2 gutters-col-0 gutters-col-v-lg-2 gutters-col-v-md-2 gutters-col-v-2\">\n          <!---->\n          <div class=\"h-column h-column-container d-flex h-col-lg-auto h-col-md-auto h-col-auto style-550-outer style-local-367-c23-outer\">\n            <div data-colibri-id=\"367-c23\" class=\"d-flex h-flex-basis h-column__inner h-px-lg-2 h-px-md-2 h-px-2 v-inner-lg-2 v-inner-md-2 v-inner-2 style-550 style-local-367-c23 position-relative\">\n              <!---->\n              <!---->\n              <div class=\"w-100 h-y-container h-column__content h-column__v-align flex-basis-100 align-self-lg-start align-self-md-start align-self-start\">\n                <!---->\n                <div data-colibri-id=\"367-c24\" class=\"style-551 style-local-367-c24 position-relative h-element\">\n                  <!---->\n                  <div class=\"\"><div class=\"forminator-ui forminator-custom-form forminator-custom-form-497 forminator-design--default  forminator_ajax\" data-forminator-render=\"0\" data-form=\"forminator-module-497\" data-uid=\"69e28adc28cbe\"><br\/><\/div><form\n\t\t\t\tid=\"forminator-module-497\"\n\t\t\t\tclass=\"forminator-ui forminator-custom-form forminator-custom-form-497 forminator-design--default  forminator_ajax\"\n\t\t\t\tmethod=\"post\"\n\t\t\t\tdata-forminator-render=\"0\"\n\t\t\t\tdata-form-id=\"497\"\n\t\t\t\t\n\t\t\t\tdata-design=\"default\"\n\t\t\t\t\n\t\t\t\t\n\t\t\t\t\n\t\t\t\tdata-grid=\"open\"\n\t\t\t\t\n\t\t\t\t\n\t\t\t\tstyle=\"display: none;\"\n\t\t\t\t\n\t\t\t\tdata-uid=\"69e28adc28cbe\"\n\t\t\t><div role=\"alert\" aria-live=\"polite\" class=\"forminator-response-message forminator-error\" aria-hidden=\"true\"><\/div><div class=\"forminator-row\"><div id=\"name-1\" class=\"forminator-field-name forminator-col forminator-col-12 \"><div class=\"forminator-field\"><label for=\"forminator-field-name-1_69e28adc28cbe\" id=\"forminator-field-name-1_69e28adc28cbe-label\" class=\"forminator-label\">Name <span class=\"forminator-required\">*<\/span><\/label><input type=\"text\" name=\"name-1\" value=\"\" placeholder=\"Name\" id=\"forminator-field-name-1_69e28adc28cbe\" class=\"forminator-input forminator-name--field\" aria-required=\"true\" \/><\/div><\/div><\/div><div class=\"forminator-row\"><div id=\"email-1\" class=\"forminator-field-email forminator-col forminator-col-12 \"><div class=\"forminator-field\"><label for=\"forminator-field-email-1_69e28adc28cbe\" id=\"forminator-field-email-1_69e28adc28cbe-label\" class=\"forminator-label\">E-Mail-Adresse <span class=\"forminator-required\">*<\/span><\/label><input type=\"email\" name=\"email-1\" value=\"\" placeholder=\"z. B. max@mustermann.de\" id=\"forminator-field-email-1_69e28adc28cbe\" class=\"forminator-input forminator-email--field\" data-required=\"true\" aria-required=\"true\" \/><\/div><\/div><\/div><div class=\"forminator-row\"><div id=\"phone-1\" class=\"forminator-field-phone forminator-col forminator-col-12 \"><div class=\"forminator-field\"><label for=\"forminator-field-phone-1_69e28adc28cbe\" id=\"forminator-field-phone-1_69e28adc28cbe-label\" class=\"forminator-label\">Telefonnummer<\/label><input type=\"text\" name=\"phone-1\" value=\"\" placeholder=\"z. B. +49 3004005000\" id=\"forminator-field-phone-1_69e28adc28cbe\" class=\"forminator-input forminator-field--phone\" data-required=\"\" aria-required=\"false\" autocomplete=\"off\" \/><\/div><\/div><\/div><div class=\"forminator-row\"><div id=\"select-2\" class=\"forminator-field-select forminator-col forminator-col-12 \"><div class=\"forminator-field\"><label for=\"forminator-form-497__field--select-2_69e28adc28cbe\" id=\"forminator-form-497__field--select-2_69e28adc28cbe-label\" class=\"forminator-label\">Beratung<\/label><select id=\"forminator-form-497__field--select-2_69e28adc28cbe\" class=\"forminator-select--field forminator-select2\" data-required=\"\" name=\"select-2\" data-default-value=\"\" data-hidden-behavior=\"zero\" data-placeholder=\"\" data-search=\"false\" aria-labelledby=\"forminator-form-497__field--select-2_69e28adc28cbe-label\"><option value=\"one\"  data-calculation=\"0\">Gruppe<\/option><option value=\"two\"  data-calculation=\"0\">Berufsberatung<\/option><option value=\"Einzelanalyse\"  data-calculation=\"0\">Einzelanalyse<\/option><\/select><\/div><\/div><\/div><div class=\"forminator-row\"><div id=\"textarea-1\" class=\"forminator-field-textarea forminator-col forminator-col-12 \"><div class=\"forminator-field\"><label for=\"forminator-field-textarea-1_69e28adc28cbe\" id=\"forminator-field-textarea-1_69e28adc28cbe-label\" class=\"forminator-label\">Zusatzinformationen<\/label><textarea name=\"textarea-1\" placeholder=\"\" id=\"forminator-field-textarea-1_69e28adc28cbe\" class=\"forminator-textarea\" rows=\"6\" style=\"min-height:140px;\" ><\/textarea><\/div><\/div><\/div><input type=\"hidden\" name=\"referer_url\" value=\"\" \/><div class=\"forminator-row forminator-row-last\"><div class=\"forminator-col\"><div class=\"forminator-field\"><button class=\"forminator-button forminator-button-submit\">Nachricht senden<\/button><\/div><\/div><\/div><input type=\"hidden\" id=\"forminator_nonce\" name=\"forminator_nonce\" value=\"d1e3e599c9\" \/><input type=\"hidden\" name=\"_wp_http_referer\" value=\"\/index.php\/wp-json\/wp\/v2\/pages\/367\" \/><input type=\"hidden\" name=\"form_id\" value=\"497\"><input type=\"hidden\" name=\"page_id\" value=\"367\"><input type=\"hidden\" name=\"form_type\" value=\"default\"><input type=\"hidden\" name=\"current_url\" value=\"https:\/\/bewusstsein-beratung.de\/index.php\/physiognomik\/\"><input type=\"hidden\" name=\"render_id\" value=\"0\"><input type=\"hidden\" name=\"action\" value=\"forminator_submit_form_custom-forms\"><\/form><\/div>\n                <\/div>\n              <\/div>\n            <\/div>\n          <\/div>\n        <\/div>\n      <\/div>\n    <\/div>\n  <\/div>\n<\/div>","protected":false},"excerpt":{"rendered":"<p>Die spannende Welt der Physiognomik Wir finden unsere Eigenschaften in der Form und Gr\u00f6\u00dfe unseres Gesichtes sowie in der gesamten Ausformung unseres Kopfes. Bei n\u00e4herer Betrachtung finden wir unsere Anlagen und Talente, sie sind uns f\u00f6rmlich ins Gesicht geschrieben. Somit k\u00f6nnen wir erkennen, ob der gerade gegangene Weg zu uns passt oder ob wir doch [&hellip;]<\/p>\n","protected":false},"author":1,"featured_media":0,"parent":0,"menu_order":0,"comment_status":"closed","ping_status":"closed","template":"page-templates\/full-width-page.php","meta":{"footnotes":""},"class_list":["post-367","page","type-page","status-publish","hentry"],"_links":{"self":[{"href":"https:\/\/bewusstsein-beratung.de\/index.php\/wp-json\/wp\/v2\/pages\/367","targetHints":{"allow":["GET"]}}],"collection":[{"href":"https:\/\/bewusstsein-beratung.de\/index.php\/wp-json\/wp\/v2\/pages"}],"about":[{"href":"https:\/\/bewusstsein-beratung.de\/index.php\/wp-json\/wp\/v2\/types\/page"}],"author":[{"embeddable":true,"href":"https:\/\/bewusstsein-beratung.de\/index.php\/wp-json\/wp\/v2\/users\/1"}],"replies":[{"embeddable":true,"href":"https:\/\/bewusstsein-beratung.de\/index.php\/wp-json\/wp\/v2\/comments?post=367"}],"version-history":[{"count":17,"href":"https:\/\/bewusstsein-beratung.de\/index.php\/wp-json\/wp\/v2\/pages\/367\/revisions"}],"predecessor-version":[{"id":1141,"href":"https:\/\/bewusstsein-beratung.de\/index.php\/wp-json\/wp\/v2\/pages\/367\/revisions\/1141"}],"wp:attachment":[{"href":"https:\/\/bewusstsein-beratung.de\/index.php\/wp-json\/wp\/v2\/media?parent=367"}],"curies":[{"name":"wp","href":"https:\/\/api.w.org\/{rel}","templated":true}]}}