{"id":314,"date":"2023-12-27T13:50:24","date_gmt":"2023-12-27T12:50:24","guid":{"rendered":"http:\/\/vps2445848.servdiscount-customer.com\/wordpress1\/?page_id=314"},"modified":"2024-05-09T09:36:04","modified_gmt":"2024-05-09T07:36:04","slug":"familienstellen","status":"publish","type":"page","link":"https:\/\/bewusstsein-beratung.de\/index.php\/familienstellen\/","title":{"rendered":"Familienstellen"},"content":{"rendered":"<div data-colibri-id=\"314-c1\" class=\"style-442 style-local-314-c1 position-relative\">\n  <!---->\n  <div data-colibri-component=\"section\" data-colibri-id=\"314-c2\" id=\"custom\" class=\"h-section h-section-global-spacing d-flex align-items-lg-center align-items-md-center align-items-center style-443 style-local-314-c2 position-relative\">\n    <!---->\n    <!---->\n    <div class=\"h-section-grid-container h-section-boxed-container\">\n      <!---->\n      <div data-colibri-id=\"314-c3\" class=\"h-row-container gutters-row-lg-2 gutters-row-md-2 gutters-row-0 gutters-row-v-lg-2 gutters-row-v-md-2 gutters-row-v-2 style-461 style-local-314-c3 position-relative\">\n        <!---->\n        <div class=\"h-row justify-content-lg-center justify-content-md-center justify-content-center align-items-lg-stretch align-items-md-stretch align-items-stretch gutters-col-lg-2 gutters-col-md-2 gutters-col-0 gutters-col-v-lg-2 gutters-col-v-md-2 gutters-col-v-2\">\n          <!---->\n          <div class=\"h-column h-column-container d-flex h-col-lg-auto h-col-md-auto h-col-auto style-462-outer style-local-314-c4-outer\">\n            <div data-colibri-id=\"314-c4\" class=\"d-flex h-flex-basis h-column__inner h-px-lg-2 h-px-md-2 h-px-2 v-inner-lg-2 v-inner-md-2 v-inner-2 style-462 style-local-314-c4 position-relative\">\n              <!---->\n              <!---->\n              <div class=\"w-100 h-y-container h-column__content h-column__v-align flex-basis-100 align-self-lg-start align-self-md-start align-self-start\">\n                <!---->\n                <div data-colibri-id=\"314-c5\" class=\"h-text h-text-component style-463 style-local-314-c5 position-relative h-element\">\n                  <!---->\n                  <!---->\n                  <div class=\"\">\n                    <p><strong style=\"color: rgb(70, 112, 127); font-family: Open Sans; font-size: 16px;\"><em>Beim neuen Familienstellen nach Bert Hellinger bestimmt der Geist das Ergebnis. Frei laufen lassend, f\u00fchren die sich ergebenen Aufstellungsbilder mit den Stellvertretern&nbsp;zu L\u00f6sungen.<\/em><\/strong>&nbsp;<\/p>\n                  <\/div>\n                <\/div>\n              <\/div>\n            <\/div>\n          <\/div>\n        <\/div>\n      <\/div>\n      <div data-colibri-id=\"314-c6\" class=\"h-row-container gutters-row-lg-2 gutters-row-md-2 gutters-row-0 gutters-row-v-lg-2 gutters-row-v-md-2 gutters-row-v-2 style-448 style-local-314-c6 position-relative\">\n        <!---->\n        <div class=\"h-row justify-content-lg-center justify-content-md-center justify-content-center align-items-lg-stretch align-items-md-stretch align-items-stretch gutters-col-lg-2 gutters-col-md-2 gutters-col-0 gutters-col-v-lg-2 gutters-col-v-md-2 gutters-col-v-2\">\n          <!---->\n          <div class=\"h-column h-column-container d-flex h-col-lg-auto h-col-md-auto h-col-auto style-449-outer style-local-314-c7-outer\">\n            <div data-colibri-id=\"314-c7\" class=\"d-flex h-flex-basis h-column__inner h-px-lg-2 h-px-md-2 h-px-2 v-inner-lg-2 v-inner-md-2 v-inner-2 style-449 style-local-314-c7 position-relative\">\n              <!---->\n              <!---->\n              <div class=\"w-100 h-y-container h-column__content h-column__v-align flex-basis-100 align-self-lg-start align-self-md-start align-self-start\">\n                <!---->\n                <div data-colibri-id=\"314-c8\" class=\"h-text h-text-component style-451 style-local-314-c8 position-relative h-element\">\n                  <!---->\n                  <!---->\n                  <div class=\"\">\n                    <p><em>Wolltest Du nicht immer schon wissen wo Gr\u00fcnde f\u00fcr Deine Probleme liegen k\u00f6nnten.<\/em><\/p>\n                    <p><em>Wie etwa<\/em><\/p>\n                    <p><em>\u00b7&nbsp;&nbsp;&nbsp;&nbsp;&nbsp;&nbsp;&nbsp;meine Schwierigkeiten innerhalb der Partnerschaft oder Familie<\/em><\/p>\n                    <p><em>\u00b7&nbsp;&nbsp;&nbsp;&nbsp;&nbsp;&nbsp;&nbsp;meine Krankheit<\/em><\/p>\n                    <p><em>\u00b7&nbsp;&nbsp;&nbsp;&nbsp;&nbsp;&nbsp;&nbsp;meine Unruhe<\/em><\/p>\n                    <p><em>\u00b7&nbsp;&nbsp;&nbsp;&nbsp;&nbsp;&nbsp;&nbsp;warum wiederholen sich in meinem Leben immer wieder die Themen<\/em><\/p>\n                    <p><em>\u00b7&nbsp;&nbsp;&nbsp;&nbsp;&nbsp;&nbsp;&nbsp;warum habe ich keinen Erfolg im Beruf<\/em><\/p>\n                    <p><em>\u00b7&nbsp;&nbsp;&nbsp;&nbsp;&nbsp;&nbsp;&nbsp;was hindert mich in meiner n\u00e4chsten Entscheidung&nbsp;<\/em><\/p>\n                  <\/div>\n                <\/div>\n              <\/div>\n            <\/div>\n          <\/div>\n          <div class=\"h-column h-column-container d-flex h-col-lg-auto h-col-md-auto h-col-auto style-450-outer style-local-314-c9-outer\">\n            <div data-colibri-id=\"314-c9\" class=\"d-flex h-flex-basis h-column__inner h-px-lg-2 h-px-md-2 h-px-2 v-inner-lg-2 v-inner-md-2 v-inner-2 style-450 style-local-314-c9 position-relative\">\n              <!---->\n              <!---->\n              <div class=\"w-100 h-y-container h-column__content h-column__v-align flex-basis-100 align-self-lg-start align-self-md-start align-self-start\">\n                <!---->\n                <div data-colibri-id=\"314-c10\" class=\"d-block style-447 style-local-314-c10 position-relative h-element\">\n                  <!---->\n                  <div class=\"h-image__frame-container-outer\">\n                    <div class=\"h-image__frame-container\">\n                      <!---->\n                      <!---->\n                      <img loading=\"lazy\" decoding=\"async\" width=\"372\" height=\"372\" src=\"https:\/\/bewusstsein-beratung.de\/wp-content\/uploads\/2024\/01\/cropped-Regenbogen.jpg\" class=\"wp-image-1047 style-447-image style-local-314-c10-image\" alt=\"\" srcset=\"https:\/\/bewusstsein-beratung.de\/wp-content\/uploads\/2024\/01\/cropped-Regenbogen.jpg 372w, https:\/\/bewusstsein-beratung.de\/wp-content\/uploads\/2024\/01\/cropped-Regenbogen-300x300.jpg 300w, https:\/\/bewusstsein-beratung.de\/wp-content\/uploads\/2024\/01\/cropped-Regenbogen-150x150.jpg 150w\" sizes=\"auto, (max-width: 372px) 100vw, 372px\" \/>\n                      <div class=\"h-image__frame style-447-frameImage style-local-314-c10-frameImage\"><\/div>\n                    <\/div>\n                  <\/div>\n                <\/div>\n              <\/div>\n            <\/div>\n          <\/div>\n        <\/div>\n      <\/div>\n      <div data-colibri-id=\"314-c11\" class=\"h-row-container gutters-row-lg-2 gutters-row-md-2 gutters-row-0 gutters-row-v-lg-2 gutters-row-v-md-2 gutters-row-v-2 style-458 style-local-314-c11 position-relative\">\n        <!---->\n        <div class=\"h-row justify-content-lg-center justify-content-md-center justify-content-center align-items-lg-stretch align-items-md-stretch align-items-stretch gutters-col-lg-2 gutters-col-md-2 gutters-col-0 gutters-col-v-lg-2 gutters-col-v-md-2 gutters-col-v-2\">\n          <!---->\n          <div class=\"h-column h-column-container d-flex h-col-lg-auto h-col-md-auto h-col-auto style-459-outer style-local-314-c12-outer\">\n            <div data-colibri-id=\"314-c12\" class=\"d-flex h-flex-basis h-column__inner h-px-lg-2 h-px-md-2 h-px-2 v-inner-lg-2 v-inner-md-2 v-inner-2 style-459 style-local-314-c12 position-relative\">\n              <!---->\n              <!---->\n              <div class=\"w-100 h-y-container h-column__content h-column__v-align flex-basis-100 align-self-lg-start align-self-md-start align-self-start\">\n                <!---->\n                <div data-colibri-id=\"314-c13\" class=\"h-text h-text-component style-460 style-local-314-c13 position-relative h-element\">\n                  <!---->\n                  <!---->\n                  <div class=\"\">\n                    <p><em>F\u00fcr derartige Fragen kann die Familienaufstellung eine Antwort bieten. So manche Gr\u00fcnde liegen tief verborgen und k\u00f6nnen \u00fcber das Tagesbewusstsein nicht von uns wahrgenommen werden wie etwa Verstrickungen innerhalb der Familie, die schon weit zur\u00fcck liegen, manchmal Generationen.<\/em><\/p>\n                    <p><em>Das Seminar kl\u00e4rt auf an Praxisbeispielen von Themen der Seminarteilnehmer, begleitet mit Meditationen und Erl\u00e4uterungen.&nbsp;<\/em><\/p>\n                    <p>&nbsp;<\/p>\n                  <\/div>\n                <\/div>\n              <\/div>\n            <\/div>\n          <\/div>\n        <\/div>\n      <\/div>\n    <\/div>\n  <\/div>\n  <div data-colibri-component=\"section\" data-colibri-id=\"314-c14\" id=\"custom-2\" class=\"h-section h-section-global-spacing d-flex align-items-lg-center align-items-md-center align-items-center style-464 style-local-314-c14 position-relative\">\n    <!---->\n    <!---->\n    <div class=\"h-section-grid-container h-section-boxed-container\">\n      <!---->\n      <div data-colibri-id=\"314-c15\" class=\"h-row-container gutters-row-lg-2 gutters-row-md-2 gutters-row-0 gutters-row-v-lg-2 gutters-row-v-md-2 gutters-row-v-2 style-465 style-local-314-c15 position-relative\">\n        <!---->\n        <div class=\"h-row justify-content-lg-center justify-content-md-center justify-content-center align-items-lg-stretch align-items-md-stretch align-items-stretch gutters-col-lg-2 gutters-col-md-2 gutters-col-0 gutters-col-v-lg-2 gutters-col-v-md-2 gutters-col-v-2\">\n          <!---->\n          <div class=\"h-column h-column-container d-flex h-col-lg-auto h-col-md-auto h-col-auto style-466-outer style-local-314-c16-outer\">\n            <div data-colibri-id=\"314-c16\" class=\"d-flex h-flex-basis h-column__inner h-px-lg-2 h-px-md-2 h-px-2 v-inner-lg-2 v-inner-md-2 v-inner-2 style-466 style-local-314-c16 position-relative\">\n              <!---->\n              <!---->\n              <div class=\"w-100 h-y-container h-column__content h-column__v-align flex-basis-100 align-self-lg-start align-self-md-start align-self-start\">\n                <!---->\n                <div data-colibri-id=\"314-c17\" class=\"h-global-transition-all h-heading style-468 style-local-314-c17 position-relative h-element\">\n                  <!---->\n                  <div class=\"h-heading__outer style-468 style-local-314-c17\">\n                    <!---->\n                    <!---->\n                    <h1 class=\"\">Interesse an Familienstellen ?<\/h1>\n                  <\/div>\n                <\/div>\n              <\/div>\n            <\/div>\n          <\/div>\n        <\/div>\n      <\/div>\n      <div data-colibri-id=\"314-c18\" class=\"h-row-container gutters-row-lg-2 gutters-row-md-2 gutters-row-0 gutters-row-v-lg-2 gutters-row-v-md-2 gutters-row-v-2 style-469 style-local-314-c18 position-relative\">\n        <!---->\n        <div class=\"h-row justify-content-lg-center justify-content-md-center justify-content-center align-items-lg-stretch align-items-md-stretch align-items-stretch gutters-col-lg-2 gutters-col-md-2 gutters-col-0 gutters-col-v-lg-2 gutters-col-v-md-2 gutters-col-v-2\">\n          <!---->\n          <div class=\"h-column h-column-container d-flex h-col-lg-auto h-col-md-auto h-col-auto style-470-outer style-local-314-c19-outer\">\n            <div data-colibri-id=\"314-c19\" class=\"d-flex h-flex-basis h-column__inner h-px-lg-2 h-px-md-2 h-px-2 v-inner-lg-2 v-inner-md-2 v-inner-2 style-470 style-local-314-c19 position-relative\">\n              <!---->\n              <!---->\n              <div class=\"w-100 h-y-container h-column__content h-column__v-align flex-basis-100 align-self-lg-start align-self-md-start align-self-start\">\n                <!---->\n                <div data-colibri-id=\"314-c20\" class=\"h-text h-text-component style-471 style-local-314-c20 position-relative h-element\">\n                  <!---->\n                  <!---->\n                  <div class=\"\">\n                    <p>N\u00e4chste Termine im Raum Eichst\u00e4tt und Raum Schrobenhausen nach Vereinbarung\n                      <br>\n                    <\/p>\n                  <\/div>\n                <\/div>\n              <\/div>\n            <\/div>\n          <\/div>\n        <\/div>\n      <\/div>\n    <\/div>\n  <\/div>\n  <div data-colibri-component=\"section\" data-colibri-id=\"314-c21\" id=\"custom-3\" class=\"h-section h-section-global-spacing d-flex align-items-lg-center align-items-md-center align-items-center style-472 style-local-314-c21 position-relative\">\n    <!---->\n    <!---->\n    <div class=\"h-section-grid-container h-section-boxed-container\">\n      <!---->\n      <div data-colibri-id=\"314-c22\" class=\"h-row-container gutters-row-lg-2 gutters-row-md-2 gutters-row-0 gutters-row-v-lg-2 gutters-row-v-md-2 gutters-row-v-2 style-473 style-local-314-c22 position-relative\">\n        <!---->\n        <div class=\"h-row justify-content-lg-center justify-content-md-center justify-content-center align-items-lg-stretch align-items-md-stretch align-items-stretch gutters-col-lg-2 gutters-col-md-2 gutters-col-0 gutters-col-v-lg-2 gutters-col-v-md-2 gutters-col-v-2\">\n          <!---->\n          <div class=\"h-column h-column-container d-flex h-col-lg-auto h-col-md-auto h-col-auto style-474-outer style-local-314-c23-outer\">\n            <div data-colibri-id=\"314-c23\" class=\"d-flex h-flex-basis h-column__inner h-px-lg-2 h-px-md-2 h-px-2 v-inner-lg-2 v-inner-md-2 v-inner-2 style-474 style-local-314-c23 position-relative\">\n              <!---->\n              <!---->\n              <div class=\"w-100 h-y-container h-column__content h-column__v-align flex-basis-100 align-self-lg-start align-self-md-start align-self-start\">\n                <!---->\n                <div data-colibri-id=\"314-c24\" class=\"style-475 style-local-314-c24 position-relative h-element\">\n                  <!---->\n                  <div class=\"\"><div class=\"forminator-ui forminator-custom-form forminator-custom-form-352 forminator-design--default  forminator_ajax\" data-forminator-render=\"0\" data-form=\"forminator-module-352\" data-uid=\"69e28b46d531a\"><br\/><\/div><form\n\t\t\t\tid=\"forminator-module-352\"\n\t\t\t\tclass=\"forminator-ui forminator-custom-form forminator-custom-form-352 forminator-design--default  forminator_ajax\"\n\t\t\t\tmethod=\"post\"\n\t\t\t\tdata-forminator-render=\"0\"\n\t\t\t\tdata-form-id=\"352\"\n\t\t\t\t\n\t\t\t\tdata-design=\"default\"\n\t\t\t\t\n\t\t\t\t\n\t\t\t\t\n\t\t\t\tdata-grid=\"open\"\n\t\t\t\t\n\t\t\t\t\n\t\t\t\tstyle=\"display: none;\"\n\t\t\t\t\n\t\t\t\tdata-uid=\"69e28b46d531a\"\n\t\t\t><div role=\"alert\" aria-live=\"polite\" class=\"forminator-response-message forminator-error\" aria-hidden=\"true\"><\/div><div class=\"forminator-row\"><div id=\"name-1\" class=\"forminator-field-name forminator-col forminator-col-12 \"><div class=\"forminator-field\"><label for=\"forminator-field-name-1_69e28b46d531a\" id=\"forminator-field-name-1_69e28b46d531a-label\" class=\"forminator-label\">Name <span class=\"forminator-required\">*<\/span><\/label><input type=\"text\" name=\"name-1\" value=\"\" placeholder=\"Name\" id=\"forminator-field-name-1_69e28b46d531a\" class=\"forminator-input forminator-name--field\" aria-required=\"true\" \/><\/div><\/div><\/div><div class=\"forminator-row\"><div id=\"email-1\" class=\"forminator-field-email forminator-col forminator-col-12 \"><div class=\"forminator-field\"><label for=\"forminator-field-email-1_69e28b46d531a\" id=\"forminator-field-email-1_69e28b46d531a-label\" class=\"forminator-label\">E-Mail-Adresse <span class=\"forminator-required\">*<\/span><\/label><input type=\"email\" name=\"email-1\" value=\"\" placeholder=\"z. B. max@mustermann.de\" id=\"forminator-field-email-1_69e28b46d531a\" class=\"forminator-input forminator-email--field\" data-required=\"true\" aria-required=\"true\" \/><\/div><\/div><\/div><div class=\"forminator-row\"><div id=\"phone-1\" class=\"forminator-field-phone forminator-col forminator-col-12 \"><div class=\"forminator-field\"><label for=\"forminator-field-phone-1_69e28b46d531a\" id=\"forminator-field-phone-1_69e28b46d531a-label\" class=\"forminator-label\">Telefonnummer<\/label><input type=\"text\" name=\"phone-1\" value=\"\" placeholder=\"z. B. +49 3004005000\" id=\"forminator-field-phone-1_69e28b46d531a\" class=\"forminator-input forminator-field--phone\" data-required=\"\" aria-required=\"false\" autocomplete=\"off\" \/><\/div><\/div><\/div><div class=\"forminator-row\"><div id=\"select-1\" class=\"forminator-field-select forminator-col forminator-col-12 \"><div class=\"forminator-field\"><label for=\"forminator-form-352__field--select-1_69e28b46d531a\" id=\"forminator-form-352__field--select-1_69e28b46d531a-label\" class=\"forminator-label\">Anzahl<\/label><select id=\"forminator-form-352__field--select-1_69e28b46d531a\" class=\"forminator-select--field forminator-select2\" data-required=\"\" name=\"select-1\" data-default-value=\"\" data-hidden-behavior=\"zero\" data-placeholder=\"Anzahl\" data-search=\"false\" aria-labelledby=\"forminator-form-352__field--select-1_69e28b46d531a-label\"><option value=\"\">Anzahl<\/option><option value=\"one\"  data-calculation=\"0\">1<\/option><option value=\"two\"  data-calculation=\"0\">2<\/option><option value=\"3\"  data-calculation=\"0\">3<\/option><option value=\"4\"  data-calculation=\"0\">4<\/option><option value=\"5\"  data-calculation=\"0\">5<\/option><\/select><\/div><\/div><\/div><div class=\"forminator-row\"><div id=\"select-2\" class=\"forminator-field-select forminator-col forminator-col-12 \"><div class=\"forminator-field\"><label for=\"forminator-form-352__field--select-2_69e28b46d531a\" id=\"forminator-form-352__field--select-2_69e28b46d531a-label\" class=\"forminator-label\">Terminwunsch<\/label><select id=\"forminator-form-352__field--select-2_69e28b46d531a\" class=\"forminator-select--field forminator-select2\" data-required=\"\" name=\"select-2\" data-default-value=\"\" data-hidden-behavior=\"zero\" data-placeholder=\"\" data-search=\"false\" aria-labelledby=\"forminator-form-352__field--select-2_69e28b46d531a-label\"><option value=\"one\"  data-calculation=\"0\">21. Juni 2026<\/option><option value=\"M\u00e4rz\"  data-calculation=\"0\">September 2026<\/option><option value=\"two\"  data-calculation=\"0\">November 2026<\/option><\/select><\/div><\/div><\/div><input type=\"hidden\" name=\"referer_url\" value=\"\" \/><div class=\"forminator-row forminator-row-last\"><div class=\"forminator-col\"><div class=\"forminator-field\"><button class=\"forminator-button forminator-button-submit\">Nachricht senden<\/button><\/div><\/div><\/div><input type=\"hidden\" id=\"forminator_nonce\" name=\"forminator_nonce\" value=\"d1e3e599c9\" \/><input type=\"hidden\" name=\"_wp_http_referer\" value=\"\/index.php\/wp-json\/wp\/v2\/pages\/314\" \/><input type=\"hidden\" name=\"form_id\" value=\"352\"><input type=\"hidden\" name=\"page_id\" value=\"314\"><input type=\"hidden\" name=\"form_type\" value=\"default\"><input type=\"hidden\" name=\"current_url\" value=\"https:\/\/bewusstsein-beratung.de\/index.php\/familienstellen\/\"><input type=\"hidden\" name=\"render_id\" value=\"0\"><input type=\"hidden\" name=\"action\" value=\"forminator_submit_form_custom-forms\"><\/form><\/div>\n                <\/div>\n              <\/div>\n            <\/div>\n          <\/div>\n        <\/div>\n      <\/div>\n    <\/div>\n  <\/div>\n<\/div>","protected":false},"excerpt":{"rendered":"<p>Beim neuen Familienstellen nach Bert Hellinger bestimmt der Geist das Ergebnis. Frei laufen lassend, f\u00fchren die sich ergebenen Aufstellungsbilder mit den Stellvertretern&nbsp;zu L\u00f6sungen.&nbsp; Wolltest Du nicht immer schon wissen wo Gr\u00fcnde f\u00fcr Deine Probleme liegen k\u00f6nnten. Wie etwa \u00b7&nbsp;&nbsp;&nbsp;&nbsp;&nbsp;&nbsp;&nbsp;meine Schwierigkeiten innerhalb der Partnerschaft oder Familie \u00b7&nbsp;&nbsp;&nbsp;&nbsp;&nbsp;&nbsp;&nbsp;meine Krankheit \u00b7&nbsp;&nbsp;&nbsp;&nbsp;&nbsp;&nbsp;&nbsp;meine Unruhe \u00b7&nbsp;&nbsp;&nbsp;&nbsp;&nbsp;&nbsp;&nbsp;warum wiederholen sich in meinem Leben [&hellip;]<\/p>\n","protected":false},"author":1,"featured_media":0,"parent":0,"menu_order":0,"comment_status":"closed","ping_status":"closed","template":"page-templates\/full-width-page.php","meta":{"footnotes":""},"class_list":["post-314","page","type-page","status-publish","hentry"],"_links":{"self":[{"href":"https:\/\/bewusstsein-beratung.de\/index.php\/wp-json\/wp\/v2\/pages\/314","targetHints":{"allow":["GET"]}}],"collection":[{"href":"https:\/\/bewusstsein-beratung.de\/index.php\/wp-json\/wp\/v2\/pages"}],"about":[{"href":"https:\/\/bewusstsein-beratung.de\/index.php\/wp-json\/wp\/v2\/types\/page"}],"author":[{"embeddable":true,"href":"https:\/\/bewusstsein-beratung.de\/index.php\/wp-json\/wp\/v2\/users\/1"}],"replies":[{"embeddable":true,"href":"https:\/\/bewusstsein-beratung.de\/index.php\/wp-json\/wp\/v2\/comments?post=314"}],"version-history":[{"count":15,"href":"https:\/\/bewusstsein-beratung.de\/index.php\/wp-json\/wp\/v2\/pages\/314\/revisions"}],"predecessor-version":[{"id":1263,"href":"https:\/\/bewusstsein-beratung.de\/index.php\/wp-json\/wp\/v2\/pages\/314\/revisions\/1263"}],"wp:attachment":[{"href":"https:\/\/bewusstsein-beratung.de\/index.php\/wp-json\/wp\/v2\/media?parent=314"}],"curies":[{"name":"wp","href":"https:\/\/api.w.org\/{rel}","templated":true}]}}