{"id":208,"date":"2023-12-26T17:20:45","date_gmt":"2023-12-26T16:20:45","guid":{"rendered":"http:\/\/vps2445848.servdiscount-customer.com\/wordpress1\/?page_id=208"},"modified":"2024-11-30T17:51:05","modified_gmt":"2024-11-30T16:51:05","slug":"geistiges-heilen","status":"publish","type":"page","link":"https:\/\/bewusstsein-beratung.de\/index.php\/geistiges-heilen\/","title":{"rendered":"Geistiges Heilen"},"content":{"rendered":"<div data-colibri-id=\"208-c1\" class=\"style-410 style-local-208-c1 position-relative\">\n  <!---->\n  <div data-colibri-component=\"section\" data-colibri-id=\"208-c2\" id=\"about\" class=\"h-section h-section-global-spacing d-flex align-items-lg-center align-items-md-center align-items-center style-411 style-local-208-c2 position-relative\">\n    <!---->\n    <!---->\n    <div class=\"h-section-grid-container h-section-boxed-container\">\n      <!---->\n      <div data-colibri-id=\"208-c3\" class=\"h-row-container gutters-row-lg-2 gutters-row-md-2 gutters-row-2 gutters-row-v-lg-2 gutters-row-v-md-2 gutters-row-v-2 style-412 style-local-208-c3 position-relative\">\n        <!---->\n        <div class=\"h-row justify-content-lg-center justify-content-md-center justify-content-center align-items-lg-stretch align-items-md-stretch align-items-stretch gutters-col-lg-2 gutters-col-md-2 gutters-col-2 gutters-col-v-lg-2 gutters-col-v-md-2 gutters-col-v-2\">\n          <!---->\n          <div class=\"h-column h-column-container d-flex h-col-lg-auto h-col-md-auto h-col-auto style-413-outer style-local-208-c4-outer\">\n            <div data-colibri-id=\"208-c4\" class=\"d-flex h-flex-basis h-column__inner h-px-lg-2 h-px-md-2 h-px-2 v-inner-lg-2 v-inner-md-2 v-inner-2 style-413 style-local-208-c4 position-relative\">\n              <!---->\n              <!---->\n              <div class=\"w-100 h-y-container h-column__content h-column__v-align flex-basis-100 align-self-lg-center align-self-md-center align-self-center\">\n                <!---->\n                <div data-colibri-id=\"208-c5\" class=\"h-text h-text-component style-416 style-local-208-c5 position-relative h-element\">\n                  <!---->\n                  <!---->\n                  <div class=\"\">\n                    <p>Geistheilung, das mag in der deutschen Sprache oft einen Hauch des Verr\u00fcckten haben, w\u00e4hrend &#8222;spiritual healing&#8220; im Englischen weitaus sanfter klingt. Und tats\u00e4chlich ist es so.<\/p>\n                    <p>In England ist es nahezu selbstverst\u00e4ndlich, Schulmedizin und geistiges Heilen miteinander zu kombinieren. Im deutschsprachigen Raum hingegen stecken wir noch in den Anf\u00e4ngen.<\/p>\n                    <p>Geistheilung ersetzt nicht den Arzt, kann jedoch erg\u00e4nzend wirken, besonders wenn schulmedizinische Ans\u00e4tze beim Patienten keine Wirkung zeigen.<\/p>\n                    <h3>Was ist Geistheilung?<\/h3>\n                    <p>Aus der Perspektive von Horst Krohne:<\/p>\n                    <ul>\n                      <li>Unterst\u00fctzung der Arbeit der Seele<\/li>\n                      <li>Wir k\u00f6nnen das Wirken einer Seele nicht beeinflussen<\/li>\n                      <li>Wir Heiler wirken &#8222;anstelle&#8220; der leidenden Seele<\/li>\n                    <\/ul>\n                    <p>Geistheilung bietet somit eine zus\u00e4tzliche Dimension der Heilung und Unterst\u00fctzung, ohne die schulmedizinischen Ans\u00e4tze zu verdr\u00e4ngen.\n                      <br>\n                    <\/p>\n                  <\/div>\n                <\/div>\n              <\/div>\n            <\/div>\n          <\/div>\n          <div class=\"h-column h-column-container d-flex h-col-lg-auto h-col-md-auto h-col-auto style-419-outer style-local-208-c6-outer\">\n            <div data-colibri-id=\"208-c6\" class=\"d-flex h-flex-basis h-column__inner h-px-lg-2 h-px-md-2 h-px-2 v-inner-lg-2 v-inner-md-2 v-inner-2 style-419 style-local-208-c6 position-relative\">\n              <!---->\n              <!---->\n              <div class=\"w-100 h-y-container h-column__content h-column__v-align flex-basis-100 align-self-lg-center align-self-md-center align-self-center\">\n                <!---->\n                <div data-colibri-id=\"208-c7\" class=\"h-row-container gutters-row-lg-0 gutters-row-md-0 gutters-row-0 gutters-row-v-lg-0 gutters-row-v-md-0 gutters-row-v-0 style-420 style-local-208-c7 position-relative\">\n                  <!---->\n                  <div class=\"h-row justify-content-lg-start justify-content-md-start justify-content-start align-items-lg-stretch align-items-md-stretch align-items-stretch gutters-col-lg-0 gutters-col-md-0 gutters-col-0 gutters-col-v-lg-0 gutters-col-v-md-0 gutters-col-v-0\">\n                    <!---->\n                    <div class=\"h-column h-column-container d-flex h-col-lg-auto h-col-md-auto h-col-auto style-421-outer style-local-208-c8-outer\">\n                      <div data-colibri-id=\"208-c8\" class=\"d-flex h-flex-basis h-column__inner h-px-lg-3 h-px-md-3 h-px-3 v-inner-lg-3 v-inner-md-3 v-inner-3 style-421 style-local-208-c8 position-relative\">\n                        <!---->\n                        <!---->\n                        <div class=\"w-100 h-y-container h-column__content h-column__v-align flex-basis-100 align-self-lg-center align-self-md-center align-self-center\">\n                          <!---->\n                          <div data-colibri-id=\"208-c9\" class=\"h-global-transition-all h-heading style-422 style-local-208-c9 position-relative h-element\">\n                            <!---->\n                            <div class=\"h-heading__outer style-422 style-local-208-c9\">\n                              <!---->\n                              <!---->\n                              <h3 class=\"\">Aura, Chakren und Meridiane <\/h3>\n                            <\/div>\n                          <\/div>\n                          <div data-colibri-id=\"208-c10\" class=\"h-text h-text-component style-424 style-local-208-c10 position-relative h-element\">\n                            <!---->\n                            <!---->\n                            <div class=\"\">\n                              <p>Meiner \u00dcberzeugung nach, sollte die Ursache f\u00fcr die Unregelm\u00e4\u00dfigkeiten in meinem K\u00f6rper gefunden werden. Dies kann geschehen in der Betrachtung der Energiesysteme,<\/p>\n                            <\/div>\n                          <\/div>\n                        <\/div>\n                      <\/div>\n                    <\/div>\n                  <\/div>\n                <\/div>\n                <div data-colibri-id=\"208-c11\" class=\"h-multiple-image style-428 style-local-208-c11 position-relative h-element\">\n                  <!---->\n                  <div class=\"position-relative\">\n                    <div class=\"h-multiple-image-inside-container\">\n                      <div class=\"ratio-inner\">\n                        <div data-colibri-id=\"208-c12\" class=\"d-block style-429 style-local-208-c12 position-relative h-element\">\n                          <!---->\n                          <div class=\"h-image__frame-container-outer\">\n                            <div class=\"h-image__frame-container\">\n                              <!---->\n                              <!---->\n                              <img loading=\"lazy\" decoding=\"async\" width=\"723\" height=\"723\" src=\"http:\/\/vps2445848.servdiscount-customer.com\/wordpress1\/wp-content\/uploads\/2023\/12\/cropped-cropped-Peaceful.png\" class=\"style-428-images style-local-208-c11-images wp-image-213 style-429-image style-local-208-c12-image\" alt=\"\" srcset=\"https:\/\/bewusstsein-beratung.de\/wp-content\/uploads\/2023\/12\/cropped-cropped-Peaceful.png 723w, https:\/\/bewusstsein-beratung.de\/wp-content\/uploads\/2023\/12\/cropped-cropped-Peaceful-300x300.png 300w, https:\/\/bewusstsein-beratung.de\/wp-content\/uploads\/2023\/12\/cropped-cropped-Peaceful-150x150.png 150w\" sizes=\"auto, (max-width: 723px) 100vw, 723px\" \/>\n                              <div class=\"h-image__frame h-hide-lg h-hide-md h-hide-sm style-429-frameImage style-local-208-c12-frameImage\"><\/div>\n                            <\/div>\n                          <\/div>\n                        <\/div>\n                        <div data-colibri-id=\"208-c13\" class=\"d-block style-430 style-local-208-c13 position-relative h-element\">\n                          <!---->\n                          <div class=\"h-image__frame-container-outer\">\n                            <div class=\"h-image__frame-container\">\n                              <!---->\n                              <!---->\n                              <img loading=\"lazy\" decoding=\"async\" width=\"768\" height=\"1024\" src=\"http:\/\/vps2445848.servdiscount-customer.com\/wordpress1\/wp-content\/uploads\/2023\/12\/WhatsApp-Bild-2023-12-16-um-15.52.51_9fc2ef3d.jpg\" class=\"style-428-images style-local-208-c11-images wp-image-90 style-430-image style-local-208-c13-image\" alt=\"\" srcset=\"https:\/\/bewusstsein-beratung.de\/wp-content\/uploads\/2023\/12\/WhatsApp-Bild-2023-12-16-um-15.52.51_9fc2ef3d.jpg 768w, https:\/\/bewusstsein-beratung.de\/wp-content\/uploads\/2023\/12\/WhatsApp-Bild-2023-12-16-um-15.52.51_9fc2ef3d-225x300.jpg 225w\" sizes=\"auto, (max-width: 768px) 100vw, 768px\" \/>\n                              <div class=\"h-image__frame h-hide-lg h-hide-md h-hide-sm style-430-frameImage style-local-208-c13-frameImage\"><\/div>\n                            <\/div>\n                          <\/div>\n                        <\/div>\n                      <\/div>\n                    <\/div>\n                  <\/div>\n                <\/div>\n              <\/div>\n            <\/div>\n          <\/div>\n        <\/div>\n      <\/div>\n    <\/div>\n  <\/div>\n  <div data-colibri-component=\"section\" data-colibri-id=\"208-c14\" id=\"photo-gallery\" class=\"h-section h-section-global-spacing d-flex align-items-lg-center align-items-md-center align-items-center style-582 style-local-208-c14 position-relative\">\n    <!---->\n    <!---->\n    <div class=\"h-section-grid-container h-section-boxed-container\">\n      <!---->\n      <div data-colibri-id=\"208-c15\" class=\"h-row-container gutters-row-lg-2 gutters-row-md-2 gutters-row-2 gutters-row-v-lg-2 gutters-row-v-md-2 gutters-row-v-2 style-583 style-local-208-c15 position-relative\">\n        <!---->\n        <div class=\"h-row justify-content-lg-center justify-content-md-center justify-content-center align-items-lg-stretch align-items-md-stretch align-items-stretch gutters-col-lg-2 gutters-col-md-2 gutters-col-2 gutters-col-v-lg-2 gutters-col-v-md-2 gutters-col-v-2\">\n          <!---->\n          <div class=\"h-column h-column-container d-flex h-col-lg-auto h-col-md-auto h-col-auto style-584-outer style-local-208-c16-outer\">\n            <div data-colibri-id=\"208-c16\" class=\"d-flex h-flex-basis h-column__inner h-px-lg-2 h-px-md-2 h-px-2 v-inner-lg-2 v-inner-md-2 v-inner-2 style-584 style-local-208-c16 position-relative\">\n              <!---->\n              <!---->\n              <div class=\"w-100 h-y-container h-column__content h-column__v-align flex-basis-100 align-self-lg-start align-self-md-start align-self-start\">\n                <!---->\n                <div data-colibri-component=\"masonry\" data-colibri-id=\"208-c17\" class=\"h-photo-gallery margin-none caption-none style-585 style-local-208-c17 position-relative h-element\">\n                  <!---->\n                  <div class=\"h-global-transition-all caption-wrapper-full\"><div id='colibri-208-c17' class='gallery-wrapper'>    <style type=\"text\/css\">\n\n        @media (min-width: 1023px) {        #colibri-208-c17        dl {\n            float: left;\n            width: 50% !important;\n            max-width: 50% !important;\n            min-width: 50% !important;\n        }\n\n        #colibri-208-c17        dl:nth-of-type(2n +1 ) {\n            clear: both;\n        }\n\n        }@media (min-width: 768px) and (max-width: 1023px) {        #colibri-208-c17        dl {\n            float: left;\n            width: 50% !important;\n            max-width: 50% !important;\n            min-width: 50% !important;\n        }\n\n        #colibri-208-c17        dl:nth-of-type(2n +1 ) {\n            clear: both;\n        }\n\n        }@media (max-width: 767px) {        #colibri-208-c17        dl {\n            float: left;\n            width: 50% !important;\n            max-width: 50% !important;\n            min-width: 50% !important;\n        }\n\n        #colibri-208-c17        dl:nth-of-type(2n +1 ) {\n            clear: both;\n        }\n\n        }\n        #colibri-208-c17        .gallery-item {\n            position: relative;\n        }\n\n        \n    <\/style>\n    <div   class='colibri-208-c17-dls-wrapper gallery-items-wrapper' ><dl class='gallery-item masonry-item'>\n\t\t\t<dt class='gallery-icon portrait'>\n\t\t\t\t<a data-fancybox=\"colibri-208-c17-group\" href='https:\/\/bewusstsein-beratung.de\/wp-content\/uploads\/2024\/01\/Meridiane-Bearbeitet.png'><img loading=\"lazy\" decoding=\"async\"  width=\"186\" height=\"300\" src=\"https:\/\/bewusstsein-beratung.de\/wp-content\/uploads\/2024\/01\/Meridiane-Bearbeitet-186x300.png\"  class='colibri-208-c17-image' alt=\"\" srcset=\"https:\/\/bewusstsein-beratung.de\/wp-content\/uploads\/2024\/01\/Meridiane-Bearbeitet-186x300.png 186w, https:\/\/bewusstsein-beratung.de\/wp-content\/uploads\/2024\/01\/Meridiane-Bearbeitet-635x1024.png 635w, https:\/\/bewusstsein-beratung.de\/wp-content\/uploads\/2024\/01\/Meridiane-Bearbeitet-768x1239.png 768w, https:\/\/bewusstsein-beratung.de\/wp-content\/uploads\/2024\/01\/Meridiane-Bearbeitet.png 847w\" sizes=\"auto, (max-width: 186px) 100vw, 186px\" \/><\/a>\n\t\t\t<\/dt><\/dl><dl class='gallery-item masonry-item'>\n\t\t\t<dt class='gallery-icon landscape'>\n\t\t\t\t<a data-fancybox=\"colibri-208-c17-group\" href='https:\/\/bewusstsein-beratung.de\/wp-content\/uploads\/2024\/01\/Hand1.png'><img loading=\"lazy\" decoding=\"async\"  width=\"300\" height=\"231\" src=\"https:\/\/bewusstsein-beratung.de\/wp-content\/uploads\/2024\/01\/Hand1-300x231.png\"  class='colibri-208-c17-image' alt=\"\" srcset=\"https:\/\/bewusstsein-beratung.de\/wp-content\/uploads\/2024\/01\/Hand1-300x231.png 300w, https:\/\/bewusstsein-beratung.de\/wp-content\/uploads\/2024\/01\/Hand1.png 693w\" sizes=\"auto, (max-width: 300px) 100vw, 300px\" \/><\/a>\n\t\t\t<\/dt><\/dl><dl class='gallery-item masonry-item'>\n\t\t\t<dt class='gallery-icon landscape'>\n\t\t\t\t<a data-fancybox=\"colibri-208-c17-group\" href='https:\/\/bewusstsein-beratung.de\/wp-content\/uploads\/2024\/01\/Fuss1.png'><img loading=\"lazy\" decoding=\"async\"  width=\"300\" height=\"227\" src=\"https:\/\/bewusstsein-beratung.de\/wp-content\/uploads\/2024\/01\/Fuss1-300x227.png\"  class='colibri-208-c17-image' alt=\"\" srcset=\"https:\/\/bewusstsein-beratung.de\/wp-content\/uploads\/2024\/01\/Fuss1-300x227.png 300w, https:\/\/bewusstsein-beratung.de\/wp-content\/uploads\/2024\/01\/Fuss1.png 693w\" sizes=\"auto, (max-width: 300px) 100vw, 300px\" \/><\/a>\n\t\t\t<\/dt><\/dl>\n\t\t\t\n\t\t<\/div>\n<style>#colibri-208-c17 .wp-caption-text.gallery-caption{display:none;}<\/style><\/div><\/div>\n                <\/div>\n              <\/div>\n            <\/div>\n          <\/div>\n        <\/div>\n      <\/div>\n    <\/div>\n  <\/div>\n  <div data-colibri-component=\"section\" data-colibri-id=\"208-c18\" id=\"custom-2\" class=\"h-section h-section-global-spacing d-flex align-items-lg-center align-items-md-center align-items-center style-438 style-local-208-c18 position-relative\">\n    <!---->\n    <!---->\n    <div class=\"h-section-grid-container h-section-boxed-container\">\n      <!---->\n      <div data-colibri-id=\"208-c19\" class=\"h-row-container gutters-row-lg-2 gutters-row-md-2 gutters-row-0 gutters-row-v-lg-2 gutters-row-v-md-2 gutters-row-v-2 style-439 style-local-208-c19 position-relative\">\n        <!---->\n        <div class=\"h-row justify-content-lg-center justify-content-md-center justify-content-center align-items-lg-stretch align-items-md-stretch align-items-stretch gutters-col-lg-2 gutters-col-md-2 gutters-col-0 gutters-col-v-lg-2 gutters-col-v-md-2 gutters-col-v-2\">\n          <!---->\n          <div class=\"h-column h-column-container d-flex h-col-lg-auto h-col-md-auto h-col-auto style-440-outer style-local-208-c20-outer\">\n            <div data-colibri-id=\"208-c20\" class=\"d-flex h-flex-basis h-column__inner h-px-lg-2 h-px-md-2 h-px-2 v-inner-lg-2 v-inner-md-2 v-inner-2 style-440 style-local-208-c20 position-relative\">\n              <!---->\n              <!---->\n              <div class=\"w-100 h-y-container h-column__content h-column__v-align flex-basis-100 align-self-lg-start align-self-md-start align-self-start\">\n                <!---->\n                <div data-colibri-id=\"208-c21\" class=\"h-global-transition-all h-heading style-441 style-local-208-c21 position-relative h-element\">\n                  <!---->\n                  <div class=\"h-heading__outer style-441 style-local-208-c21\">\n                    <!---->\n                    <!---->\n                    <h1 class=\"\">Beratungstermin erw\u00fcnscht ?<\/h1>\n                  <\/div>\n                <\/div>\n              <\/div>\n            <\/div>\n          <\/div>\n        <\/div>\n      <\/div>\n    <\/div>\n  <\/div>\n  <div data-colibri-component=\"section\" data-colibri-id=\"208-c22\" id=\"custom\" class=\"h-section h-section-global-spacing d-flex align-items-lg-center align-items-md-center align-items-center style-434 style-local-208-c22 position-relative\">\n    <!---->\n    <!---->\n    <div class=\"h-section-grid-container h-section-boxed-container\">\n      <!---->\n      <div data-colibri-id=\"208-c23\" class=\"h-row-container gutters-row-lg-2 gutters-row-md-2 gutters-row-0 gutters-row-v-lg-2 gutters-row-v-md-2 gutters-row-v-2 style-435 style-local-208-c23 position-relative\">\n        <!---->\n        <div class=\"h-row justify-content-lg-center justify-content-md-center justify-content-center align-items-lg-stretch align-items-md-stretch align-items-stretch gutters-col-lg-2 gutters-col-md-2 gutters-col-0 gutters-col-v-lg-2 gutters-col-v-md-2 gutters-col-v-2\">\n          <!---->\n          <div class=\"h-column h-column-container d-flex h-col-lg-auto h-col-md-auto h-col-auto style-436-outer style-local-208-c24-outer\">\n            <div data-colibri-id=\"208-c24\" class=\"d-flex h-flex-basis h-column__inner h-px-lg-2 h-px-md-2 h-px-2 v-inner-lg-2 v-inner-md-2 v-inner-2 style-436 style-local-208-c24 position-relative\">\n              <!---->\n              <!---->\n              <div class=\"w-100 h-y-container h-column__content h-column__v-align flex-basis-100 align-self-lg-start align-self-md-start align-self-start\">\n                <!---->\n                <div data-colibri-id=\"208-c25\" class=\"style-437 style-local-208-c25 position-relative h-element\">\n                  <!---->\n                  <div class=\"\"><div class=\"forminator-ui forminator-custom-form forminator-custom-form-235 forminator-design--default  forminator_ajax\" data-forminator-render=\"0\" data-form=\"forminator-module-235\" data-uid=\"69e28f9b91f46\"><br\/><\/div><form\n\t\t\t\tid=\"forminator-module-235\"\n\t\t\t\tclass=\"forminator-ui forminator-custom-form forminator-custom-form-235 forminator-design--default  forminator_ajax\"\n\t\t\t\tmethod=\"post\"\n\t\t\t\tdata-forminator-render=\"0\"\n\t\t\t\tdata-form-id=\"235\"\n\t\t\t\t\n\t\t\t\tdata-design=\"default\"\n\t\t\t\t\n\t\t\t\t\n\t\t\t\t\n\t\t\t\tdata-grid=\"open\"\n\t\t\t\t\n\t\t\t\t\n\t\t\t\tstyle=\"display: none;\"\n\t\t\t\t\n\t\t\t\tdata-uid=\"69e28f9b91f46\"\n\t\t\t><div role=\"alert\" aria-live=\"polite\" class=\"forminator-response-message forminator-error\" aria-hidden=\"true\"><\/div><div class=\"forminator-row\"><div id=\"name-1\" class=\"forminator-field-name forminator-col forminator-col-12 \"><div class=\"forminator-field\"><label for=\"forminator-field-name-1_69e28f9b91f46\" id=\"forminator-field-name-1_69e28f9b91f46-label\" class=\"forminator-label\">Name <span class=\"forminator-required\">*<\/span><\/label><input type=\"text\" name=\"name-1\" value=\"\" placeholder=\"Name\" id=\"forminator-field-name-1_69e28f9b91f46\" class=\"forminator-input forminator-name--field\" aria-required=\"true\" \/><\/div><\/div><\/div><div class=\"forminator-row\"><div id=\"email-1\" class=\"forminator-field-email forminator-col forminator-col-12 \"><div class=\"forminator-field\"><label for=\"forminator-field-email-1_69e28f9b91f46\" id=\"forminator-field-email-1_69e28f9b91f46-label\" class=\"forminator-label\">E-Mail-Adresse <span class=\"forminator-required\">*<\/span><\/label><input type=\"email\" name=\"email-1\" value=\"\" placeholder=\"z. B. max@mustermann.de\" id=\"forminator-field-email-1_69e28f9b91f46\" class=\"forminator-input forminator-email--field\" data-required=\"true\" aria-required=\"true\" \/><\/div><\/div><\/div><div class=\"forminator-row\"><div id=\"phone-1\" class=\"forminator-field-phone forminator-col forminator-col-12 \"><div class=\"forminator-field\"><label for=\"forminator-field-phone-1_69e28f9b91f46\" id=\"forminator-field-phone-1_69e28f9b91f46-label\" class=\"forminator-label\">Telefonnummer<\/label><input type=\"text\" name=\"phone-1\" value=\"\" placeholder=\"z. B. +49 3004005000\" id=\"forminator-field-phone-1_69e28f9b91f46\" class=\"forminator-input forminator-field--phone\" data-required=\"\" aria-required=\"false\" autocomplete=\"off\" \/><\/div><\/div><\/div><div class=\"forminator-row\"><div id=\"textarea-1\" class=\"forminator-field-textarea forminator-col forminator-col-12 \"><div class=\"forminator-field\"><label for=\"forminator-field-textarea-1_69e28f9b91f46\" id=\"forminator-field-textarea-1_69e28f9b91f46-label\" class=\"forminator-label\">Themenbeschreibung<\/label><textarea name=\"textarea-1\" placeholder=\"Themenbeschreibung\" id=\"forminator-field-textarea-1_69e28f9b91f46\" class=\"forminator-textarea\" rows=\"6\" style=\"min-height:140px;\" maxlength=\"180\" ><\/textarea><span id=\"forminator-field-textarea-1_69e28f9b91f46-description\" class=\"forminator-description\"><span data-limit=\"180\" data-type=\"characters\">0 \/ 180<\/span><\/span><\/div><\/div><\/div><input type=\"hidden\" name=\"referer_url\" value=\"\" \/><div class=\"forminator-row forminator-row-last\"><div class=\"forminator-col\"><div class=\"forminator-field\"><button class=\"forminator-button forminator-button-submit\">Nachricht senden<\/button><\/div><\/div><\/div><input type=\"hidden\" id=\"forminator_nonce\" name=\"forminator_nonce\" value=\"d1e3e599c9\" \/><input type=\"hidden\" name=\"_wp_http_referer\" value=\"\/index.php\/wp-json\/wp\/v2\/pages\/208\" \/><input type=\"hidden\" name=\"form_id\" value=\"235\"><input type=\"hidden\" name=\"page_id\" value=\"208\"><input type=\"hidden\" name=\"form_type\" value=\"default\"><input type=\"hidden\" name=\"current_url\" value=\"https:\/\/bewusstsein-beratung.de\/index.php\/geistiges-heilen\/\"><input type=\"hidden\" name=\"render_id\" value=\"0\"><input type=\"hidden\" name=\"action\" value=\"forminator_submit_form_custom-forms\"><\/form><\/div>\n                <\/div>\n              <\/div>\n            <\/div>\n          <\/div>\n        <\/div>\n      <\/div>\n    <\/div>\n  <\/div>\n<\/div>","protected":false},"excerpt":{"rendered":"<p>Geistheilung, das mag in der deutschen Sprache oft einen Hauch des Verr\u00fcckten haben, w\u00e4hrend &#8222;spiritual healing&#8220; im Englischen weitaus sanfter klingt. Und tats\u00e4chlich ist es so. In England ist es nahezu selbstverst\u00e4ndlich, Schulmedizin und geistiges Heilen miteinander zu kombinieren. Im deutschsprachigen Raum hingegen stecken wir noch in den Anf\u00e4ngen. Geistheilung ersetzt nicht den Arzt, kann [&hellip;]<\/p>\n","protected":false},"author":1,"featured_media":0,"parent":0,"menu_order":0,"comment_status":"closed","ping_status":"closed","template":"page-templates\/full-width-page.php","meta":{"footnotes":""},"class_list":["post-208","page","type-page","status-publish","hentry"],"_links":{"self":[{"href":"https:\/\/bewusstsein-beratung.de\/index.php\/wp-json\/wp\/v2\/pages\/208","targetHints":{"allow":["GET"]}}],"collection":[{"href":"https:\/\/bewusstsein-beratung.de\/index.php\/wp-json\/wp\/v2\/pages"}],"about":[{"href":"https:\/\/bewusstsein-beratung.de\/index.php\/wp-json\/wp\/v2\/types\/page"}],"author":[{"embeddable":true,"href":"https:\/\/bewusstsein-beratung.de\/index.php\/wp-json\/wp\/v2\/users\/1"}],"replies":[{"embeddable":true,"href":"https:\/\/bewusstsein-beratung.de\/index.php\/wp-json\/wp\/v2\/comments?post=208"}],"version-history":[{"count":14,"href":"https:\/\/bewusstsein-beratung.de\/index.php\/wp-json\/wp\/v2\/pages\/208\/revisions"}],"predecessor-version":[{"id":1344,"href":"https:\/\/bewusstsein-beratung.de\/index.php\/wp-json\/wp\/v2\/pages\/208\/revisions\/1344"}],"wp:attachment":[{"href":"https:\/\/bewusstsein-beratung.de\/index.php\/wp-json\/wp\/v2\/media?parent=208"}],"curies":[{"name":"wp","href":"https:\/\/api.w.org\/{rel}","templated":true}]}}